{"id":1167,"date":"2019-06-03T16:33:11","date_gmt":"2019-06-03T14:33:11","guid":{"rendered":"https:\/\/www.camping-mandala.fr\/activites\/vtt-velo-tout-terrain\/"},"modified":"2023-05-15T16:11:38","modified_gmt":"2023-05-15T14:11:38","slug":"mountainbike","status":"publish","type":"page","link":"https:\/\/www.camping-mandala.fr\/en\/activities\/mountainbike\/","title":{"rendered":"MOUNTAINBIKE"},"content":{"rendered":"","protected":false},"excerpt":{"rendered":"","protected":false},"author":2,"featured_media":0,"parent":723,"menu_order":0,"comment_status":"closed","ping_status":"closed","template":"page-activite.php","meta":{"_acf_changed":false,"footnotes":""},"class_list":["post-1167","page","type-page","status-publish","hentry"],"acf":[],"yoast_head":"<!-- This site is optimized with the Yoast SEO plugin v27.4 - https:\/\/yoast.com\/product\/yoast-seo-wordpress\/ -->\n<title>MOUNTAINBIKE dans la vall\u00e9e de la Haute Bl\u00e9one, Prads 04 | Camping Mandala<\/title>\n<meta name=\"description\" content=\"Le camping est id\u00e9alement situ\u00e9 pour partir \u00e0 la d\u00e9couverte des Alpes de Haute Provence \u00e0 v\u00e9lo. Nous pourrons vous recommander les meilleurs intin\u00e9raires en fonction de vos envies et de votre niveau.\" \/>\n<meta name=\"robots\" content=\"index, follow, max-snippet:-1, max-image-preview:large, max-video-preview:-1\" \/>\n<link rel=\"canonical\" href=\"https:\/\/www.camping-mandala.fr\/activites\/vtt-velo-tout-terrain\/\" \/>\n<meta property=\"og:locale\" content=\"en_US\" \/>\n<meta property=\"og:type\" content=\"article\" \/>\n<meta property=\"og:title\" content=\"MOUNTAINBIKE dans la vall\u00e9e de la Haute Bl\u00e9one, Prads 04 | Camping Mandala\" \/>\n<meta property=\"og:description\" content=\"Le camping est id\u00e9alement situ\u00e9 pour partir \u00e0 la d\u00e9couverte des Alpes de Haute Provence \u00e0 v\u00e9lo. Nous pourrons vous recommander les meilleurs intin\u00e9raires en fonction de vos envies et de votre niveau.\" \/>\n<meta property=\"og:url\" content=\"https:\/\/www.camping-mandala.fr\/activites\/vtt-velo-tout-terrain\/\" \/>\n<meta property=\"og:site_name\" content=\"Camping Mandala\" \/>\n<meta property=\"article:modified_time\" content=\"2023-05-15T14:11:38+00:00\" \/>\n<meta name=\"twitter:card\" content=\"summary_large_image\" \/>\n<script type=\"application\/ld+json\" class=\"yoast-schema-graph\">{\"@context\":\"https:\\\/\\\/schema.org\",\"@graph\":[{\"@type\":\"WebPage\",\"@id\":\"https:\\\/\\\/www.camping-mandala.fr\\\/activites\\\/vtt-velo-tout-terrain\\\/\",\"url\":\"https:\\\/\\\/www.camping-mandala.fr\\\/activites\\\/vtt-velo-tout-terrain\\\/\",\"name\":\"MOUNTAINBIKE dans la vall\u00e9e de la Haute Bl\u00e9one, Prads 04 | Camping Mandala\",\"isPartOf\":{\"@id\":\"https:\\\/\\\/www.camping-mandala.fr\\\/#website\"},\"datePublished\":\"2019-06-03T14:33:11+00:00\",\"dateModified\":\"2023-05-15T14:11:38+00:00\",\"description\":\"Le camping est id\u00e9alement situ\u00e9 pour partir \u00e0 la d\u00e9couverte des Alpes de Haute Provence \u00e0 v\u00e9lo. Nous pourrons vous recommander les meilleurs intin\u00e9raires en fonction de vos envies et de votre niveau.\",\"breadcrumb\":{\"@id\":\"https:\\\/\\\/www.camping-mandala.fr\\\/activites\\\/vtt-velo-tout-terrain\\\/#breadcrumb\"},\"inLanguage\":\"en-US\",\"potentialAction\":[{\"@type\":\"ReadAction\",\"target\":[\"https:\\\/\\\/www.camping-mandala.fr\\\/activites\\\/vtt-velo-tout-terrain\\\/\"]}]},{\"@type\":\"BreadcrumbList\",\"@id\":\"https:\\\/\\\/www.camping-mandala.fr\\\/activites\\\/vtt-velo-tout-terrain\\\/#breadcrumb\",\"itemListElement\":[{\"@type\":\"ListItem\",\"position\":1,\"name\":\"Accueil\",\"item\":\"https:\\\/\\\/www.camping-mandala.fr\\\/en\\\/\"},{\"@type\":\"ListItem\",\"position\":2,\"name\":\"Activities\",\"item\":\"https:\\\/\\\/www.camping-mandala.fr\\\/activites\\\/\"},{\"@type\":\"ListItem\",\"position\":3,\"name\":\"MOUNTAINBIKE\"}]},{\"@type\":\"WebSite\",\"@id\":\"https:\\\/\\\/www.camping-mandala.fr\\\/#website\",\"url\":\"https:\\\/\\\/www.camping-mandala.fr\\\/\",\"name\":\"Camping Mandala\",\"description\":\"Un site utilisant WordPress\",\"potentialAction\":[{\"@type\":\"SearchAction\",\"target\":{\"@type\":\"EntryPoint\",\"urlTemplate\":\"https:\\\/\\\/www.camping-mandala.fr\\\/?s={search_term_string}\"},\"query-input\":{\"@type\":\"PropertyValueSpecification\",\"valueRequired\":true,\"valueName\":\"search_term_string\"}}],\"inLanguage\":\"en-US\"}]}<\/script>\n<!-- \/ Yoast SEO plugin. -->","yoast_head_json":{"title":"MOUNTAINBIKE dans la vall\u00e9e de la Haute Bl\u00e9one, Prads 04 | Camping Mandala","description":"Le camping est id\u00e9alement situ\u00e9 pour partir \u00e0 la d\u00e9couverte des Alpes de Haute Provence \u00e0 v\u00e9lo. Nous pourrons vous recommander les meilleurs intin\u00e9raires en fonction de vos envies et de votre niveau.","robots":{"index":"index","follow":"follow","max-snippet":"max-snippet:-1","max-image-preview":"max-image-preview:large","max-video-preview":"max-video-preview:-1"},"canonical":"https:\/\/www.camping-mandala.fr\/activites\/vtt-velo-tout-terrain\/","og_locale":"en_US","og_type":"article","og_title":"MOUNTAINBIKE dans la vall\u00e9e de la Haute Bl\u00e9one, Prads 04 | Camping Mandala","og_description":"Le camping est id\u00e9alement situ\u00e9 pour partir \u00e0 la d\u00e9couverte des Alpes de Haute Provence \u00e0 v\u00e9lo. Nous pourrons vous recommander les meilleurs intin\u00e9raires en fonction de vos envies et de votre niveau.","og_url":"https:\/\/www.camping-mandala.fr\/activites\/vtt-velo-tout-terrain\/","og_site_name":"Camping Mandala","article_modified_time":"2023-05-15T14:11:38+00:00","twitter_card":"summary_large_image","schema":{"@context":"https:\/\/schema.org","@graph":[{"@type":"WebPage","@id":"https:\/\/www.camping-mandala.fr\/activites\/vtt-velo-tout-terrain\/","url":"https:\/\/www.camping-mandala.fr\/activites\/vtt-velo-tout-terrain\/","name":"MOUNTAINBIKE dans la vall\u00e9e de la Haute Bl\u00e9one, Prads 04 | Camping Mandala","isPartOf":{"@id":"https:\/\/www.camping-mandala.fr\/#website"},"datePublished":"2019-06-03T14:33:11+00:00","dateModified":"2023-05-15T14:11:38+00:00","description":"Le camping est id\u00e9alement situ\u00e9 pour partir \u00e0 la d\u00e9couverte des Alpes de Haute Provence \u00e0 v\u00e9lo. Nous pourrons vous recommander les meilleurs intin\u00e9raires en fonction de vos envies et de votre niveau.","breadcrumb":{"@id":"https:\/\/www.camping-mandala.fr\/activites\/vtt-velo-tout-terrain\/#breadcrumb"},"inLanguage":"en-US","potentialAction":[{"@type":"ReadAction","target":["https:\/\/www.camping-mandala.fr\/activites\/vtt-velo-tout-terrain\/"]}]},{"@type":"BreadcrumbList","@id":"https:\/\/www.camping-mandala.fr\/activites\/vtt-velo-tout-terrain\/#breadcrumb","itemListElement":[{"@type":"ListItem","position":1,"name":"Accueil","item":"https:\/\/www.camping-mandala.fr\/en\/"},{"@type":"ListItem","position":2,"name":"Activities","item":"https:\/\/www.camping-mandala.fr\/activites\/"},{"@type":"ListItem","position":3,"name":"MOUNTAINBIKE"}]},{"@type":"WebSite","@id":"https:\/\/www.camping-mandala.fr\/#website","url":"https:\/\/www.camping-mandala.fr\/","name":"Camping Mandala","description":"Un site utilisant WordPress","potentialAction":[{"@type":"SearchAction","target":{"@type":"EntryPoint","urlTemplate":"https:\/\/www.camping-mandala.fr\/?s={search_term_string}"},"query-input":{"@type":"PropertyValueSpecification","valueRequired":true,"valueName":"search_term_string"}}],"inLanguage":"en-US"}]}},"_links":{"self":[{"href":"https:\/\/www.camping-mandala.fr\/en\/wp-json\/wp\/v2\/pages\/1167","targetHints":{"allow":["GET"]}}],"collection":[{"href":"https:\/\/www.camping-mandala.fr\/en\/wp-json\/wp\/v2\/pages"}],"about":[{"href":"https:\/\/www.camping-mandala.fr\/en\/wp-json\/wp\/v2\/types\/page"}],"author":[{"embeddable":true,"href":"https:\/\/www.camping-mandala.fr\/en\/wp-json\/wp\/v2\/users\/2"}],"replies":[{"embeddable":true,"href":"https:\/\/www.camping-mandala.fr\/en\/wp-json\/wp\/v2\/comments?post=1167"}],"version-history":[{"count":4,"href":"https:\/\/www.camping-mandala.fr\/en\/wp-json\/wp\/v2\/pages\/1167\/revisions"}],"predecessor-version":[{"id":1666,"href":"https:\/\/www.camping-mandala.fr\/en\/wp-json\/wp\/v2\/pages\/1167\/revisions\/1666"}],"up":[{"embeddable":true,"href":"https:\/\/www.camping-mandala.fr\/en\/wp-json\/wp\/v2\/pages\/723"}],"wp:attachment":[{"href":"https:\/\/www.camping-mandala.fr\/en\/wp-json\/wp\/v2\/media?parent=1167"}],"curies":[{"name":"wp","href":"https:\/\/api.w.org\/{rel}","templated":true}]}}