{"id":1161,"date":"2019-03-22T10:03:41","date_gmt":"2019-03-22T09:03:41","guid":{"rendered":"https:\/\/www.camping-mandala.fr\/activites\/la-haute-bleone\/"},"modified":"2019-07-11T11:40:05","modified_gmt":"2019-07-11T09:40:05","slug":"la-haute-bleone","status":"publish","type":"page","link":"https:\/\/www.camping-mandala.fr\/en\/activities\/la-haute-bleone\/","title":{"rendered":"In the Valley of Haute-Bl\u00e9one"},"content":{"rendered":"","protected":false},"excerpt":{"rendered":"","protected":false},"author":1,"featured_media":0,"parent":723,"menu_order":0,"comment_status":"closed","ping_status":"closed","template":"page-activite.php","meta":{"_acf_changed":false,"footnotes":""},"class_list":["post-1161","page","type-page","status-publish","hentry"],"acf":[],"yoast_head":"<!-- This site is optimized with the Yoast SEO plugin v27.4 - https:\/\/yoast.com\/product\/yoast-seo-wordpress\/ -->\n<title>La Vall\u00e9e de la Haute Bl\u00e9one, notre territoire | Camping Mandala<\/title>\n<meta name=\"description\" content=\"Partez \u00e0 la d\u00e9couverte de la vall\u00e9e de la Haute Bl\u00e9one, de ses diff\u00e9rents villages et admirez des paysages \u00e0 couper le souffle. Nous partageons nos meilleurs spots!\" \/>\n<meta name=\"robots\" content=\"index, follow, max-snippet:-1, max-image-preview:large, max-video-preview:-1\" \/>\n<link rel=\"canonical\" href=\"https:\/\/www.camping-mandala.fr\/activites\/la-haute-bleone\/\" \/>\n<meta property=\"og:locale\" content=\"en_US\" \/>\n<meta property=\"og:type\" content=\"article\" \/>\n<meta property=\"og:title\" content=\"La Vall\u00e9e de la Haute Bl\u00e9one, notre territoire | Camping Mandala\" \/>\n<meta property=\"og:description\" content=\"Partez \u00e0 la d\u00e9couverte de la vall\u00e9e de la Haute Bl\u00e9one, de ses diff\u00e9rents villages et admirez des paysages \u00e0 couper le souffle. Nous partageons nos meilleurs spots!\" \/>\n<meta property=\"og:url\" content=\"https:\/\/www.camping-mandala.fr\/activites\/la-haute-bleone\/\" \/>\n<meta property=\"og:site_name\" content=\"Camping Mandala\" \/>\n<meta property=\"article:modified_time\" content=\"2019-07-11T09:40:05+00:00\" \/>\n<meta name=\"twitter:card\" content=\"summary_large_image\" \/>\n<script type=\"application\/ld+json\" class=\"yoast-schema-graph\">{\"@context\":\"https:\\\/\\\/schema.org\",\"@graph\":[{\"@type\":\"WebPage\",\"@id\":\"https:\\\/\\\/www.camping-mandala.fr\\\/activites\\\/la-haute-bleone\\\/\",\"url\":\"https:\\\/\\\/www.camping-mandala.fr\\\/activites\\\/la-haute-bleone\\\/\",\"name\":\"La Vall\u00e9e de la Haute Bl\u00e9one, notre territoire | Camping Mandala\",\"isPartOf\":{\"@id\":\"https:\\\/\\\/www.camping-mandala.fr\\\/#website\"},\"datePublished\":\"2019-03-22T09:03:41+00:00\",\"dateModified\":\"2019-07-11T09:40:05+00:00\",\"description\":\"Partez \u00e0 la d\u00e9couverte de la vall\u00e9e de la Haute Bl\u00e9one, de ses diff\u00e9rents villages et admirez des paysages \u00e0 couper le souffle. Nous partageons nos meilleurs spots!\",\"breadcrumb\":{\"@id\":\"https:\\\/\\\/www.camping-mandala.fr\\\/activites\\\/la-haute-bleone\\\/#breadcrumb\"},\"inLanguage\":\"en-US\",\"potentialAction\":[{\"@type\":\"ReadAction\",\"target\":[\"https:\\\/\\\/www.camping-mandala.fr\\\/activites\\\/la-haute-bleone\\\/\"]}]},{\"@type\":\"BreadcrumbList\",\"@id\":\"https:\\\/\\\/www.camping-mandala.fr\\\/activites\\\/la-haute-bleone\\\/#breadcrumb\",\"itemListElement\":[{\"@type\":\"ListItem\",\"position\":1,\"name\":\"Accueil\",\"item\":\"https:\\\/\\\/www.camping-mandala.fr\\\/en\\\/\"},{\"@type\":\"ListItem\",\"position\":2,\"name\":\"Activities\",\"item\":\"https:\\\/\\\/www.camping-mandala.fr\\\/activites\\\/\"},{\"@type\":\"ListItem\",\"position\":3,\"name\":\"In the Valley of Haute-Bl\u00e9one\"}]},{\"@type\":\"WebSite\",\"@id\":\"https:\\\/\\\/www.camping-mandala.fr\\\/#website\",\"url\":\"https:\\\/\\\/www.camping-mandala.fr\\\/\",\"name\":\"Camping Mandala\",\"description\":\"Un site utilisant WordPress\",\"potentialAction\":[{\"@type\":\"SearchAction\",\"target\":{\"@type\":\"EntryPoint\",\"urlTemplate\":\"https:\\\/\\\/www.camping-mandala.fr\\\/?s={search_term_string}\"},\"query-input\":{\"@type\":\"PropertyValueSpecification\",\"valueRequired\":true,\"valueName\":\"search_term_string\"}}],\"inLanguage\":\"en-US\"}]}<\/script>\n<!-- \/ Yoast SEO plugin. -->","yoast_head_json":{"title":"La Vall\u00e9e de la Haute Bl\u00e9one, notre territoire | Camping Mandala","description":"Partez \u00e0 la d\u00e9couverte de la vall\u00e9e de la Haute Bl\u00e9one, de ses diff\u00e9rents villages et admirez des paysages \u00e0 couper le souffle. Nous partageons nos meilleurs spots!","robots":{"index":"index","follow":"follow","max-snippet":"max-snippet:-1","max-image-preview":"max-image-preview:large","max-video-preview":"max-video-preview:-1"},"canonical":"https:\/\/www.camping-mandala.fr\/activites\/la-haute-bleone\/","og_locale":"en_US","og_type":"article","og_title":"La Vall\u00e9e de la Haute Bl\u00e9one, notre territoire | Camping Mandala","og_description":"Partez \u00e0 la d\u00e9couverte de la vall\u00e9e de la Haute Bl\u00e9one, de ses diff\u00e9rents villages et admirez des paysages \u00e0 couper le souffle. Nous partageons nos meilleurs spots!","og_url":"https:\/\/www.camping-mandala.fr\/activites\/la-haute-bleone\/","og_site_name":"Camping Mandala","article_modified_time":"2019-07-11T09:40:05+00:00","twitter_card":"summary_large_image","schema":{"@context":"https:\/\/schema.org","@graph":[{"@type":"WebPage","@id":"https:\/\/www.camping-mandala.fr\/activites\/la-haute-bleone\/","url":"https:\/\/www.camping-mandala.fr\/activites\/la-haute-bleone\/","name":"La Vall\u00e9e de la Haute Bl\u00e9one, notre territoire | Camping Mandala","isPartOf":{"@id":"https:\/\/www.camping-mandala.fr\/#website"},"datePublished":"2019-03-22T09:03:41+00:00","dateModified":"2019-07-11T09:40:05+00:00","description":"Partez \u00e0 la d\u00e9couverte de la vall\u00e9e de la Haute Bl\u00e9one, de ses diff\u00e9rents villages et admirez des paysages \u00e0 couper le souffle. Nous partageons nos meilleurs spots!","breadcrumb":{"@id":"https:\/\/www.camping-mandala.fr\/activites\/la-haute-bleone\/#breadcrumb"},"inLanguage":"en-US","potentialAction":[{"@type":"ReadAction","target":["https:\/\/www.camping-mandala.fr\/activites\/la-haute-bleone\/"]}]},{"@type":"BreadcrumbList","@id":"https:\/\/www.camping-mandala.fr\/activites\/la-haute-bleone\/#breadcrumb","itemListElement":[{"@type":"ListItem","position":1,"name":"Accueil","item":"https:\/\/www.camping-mandala.fr\/en\/"},{"@type":"ListItem","position":2,"name":"Activities","item":"https:\/\/www.camping-mandala.fr\/activites\/"},{"@type":"ListItem","position":3,"name":"In the Valley of Haute-Bl\u00e9one"}]},{"@type":"WebSite","@id":"https:\/\/www.camping-mandala.fr\/#website","url":"https:\/\/www.camping-mandala.fr\/","name":"Camping Mandala","description":"Un site utilisant WordPress","potentialAction":[{"@type":"SearchAction","target":{"@type":"EntryPoint","urlTemplate":"https:\/\/www.camping-mandala.fr\/?s={search_term_string}"},"query-input":{"@type":"PropertyValueSpecification","valueRequired":true,"valueName":"search_term_string"}}],"inLanguage":"en-US"}]}},"_links":{"self":[{"href":"https:\/\/www.camping-mandala.fr\/en\/wp-json\/wp\/v2\/pages\/1161","targetHints":{"allow":["GET"]}}],"collection":[{"href":"https:\/\/www.camping-mandala.fr\/en\/wp-json\/wp\/v2\/pages"}],"about":[{"href":"https:\/\/www.camping-mandala.fr\/en\/wp-json\/wp\/v2\/types\/page"}],"author":[{"embeddable":true,"href":"https:\/\/www.camping-mandala.fr\/en\/wp-json\/wp\/v2\/users\/1"}],"replies":[{"embeddable":true,"href":"https:\/\/www.camping-mandala.fr\/en\/wp-json\/wp\/v2\/comments?post=1161"}],"version-history":[{"count":1,"href":"https:\/\/www.camping-mandala.fr\/en\/wp-json\/wp\/v2\/pages\/1161\/revisions"}],"predecessor-version":[{"id":1162,"href":"https:\/\/www.camping-mandala.fr\/en\/wp-json\/wp\/v2\/pages\/1161\/revisions\/1162"}],"up":[{"embeddable":true,"href":"https:\/\/www.camping-mandala.fr\/en\/wp-json\/wp\/v2\/pages\/723"}],"wp:attachment":[{"href":"https:\/\/www.camping-mandala.fr\/en\/wp-json\/wp\/v2\/media?parent=1161"}],"curies":[{"name":"wp","href":"https:\/\/api.w.org\/{rel}","templated":true}]}}