{"id":1157,"date":"2019-06-03T22:56:38","date_gmt":"2019-06-03T20:56:38","guid":{"rendered":"https:\/\/www.camping-mandala.fr\/activites\/randonner-en-liberte\/"},"modified":"2019-07-11T11:35:10","modified_gmt":"2019-07-11T09:35:10","slug":"randonner-en-liberte","status":"publish","type":"page","link":"https:\/\/www.camping-mandala.fr\/en\/activities\/randonner-en-liberte\/","title":{"rendered":"Hiking Trails"},"content":{"rendered":"","protected":false},"excerpt":{"rendered":"","protected":false},"author":2,"featured_media":0,"parent":723,"menu_order":0,"comment_status":"closed","ping_status":"closed","template":"page-activite.php","meta":{"_acf_changed":false,"footnotes":""},"class_list":["post-1157","page","type-page","status-publish","hentry"],"acf":[],"yoast_head":"<!-- This site is optimized with the Yoast SEO plugin v27.4 - https:\/\/yoast.com\/product\/yoast-seo-wordpress\/ -->\n<title>Hiking Trails au coeur de la Haute Bl\u00e9one | Camping Mandala<\/title>\n<meta name=\"description\" content=\"D\u00e9couvrez une s\u00e9lection de randonn\u00e9es au d\u00e9part du camping ou aux alentours pour profiter pleinement des paysages de notre vall\u00e9e des Alpes de Haute Provence.\" \/>\n<meta name=\"robots\" content=\"index, follow, max-snippet:-1, max-image-preview:large, max-video-preview:-1\" \/>\n<link rel=\"canonical\" href=\"https:\/\/www.camping-mandala.fr\/activites\/randonner-en-liberte\/\" \/>\n<meta property=\"og:locale\" content=\"en_US\" \/>\n<meta property=\"og:type\" content=\"article\" \/>\n<meta property=\"og:title\" content=\"Hiking Trails au coeur de la Haute Bl\u00e9one | Camping Mandala\" \/>\n<meta property=\"og:description\" content=\"D\u00e9couvrez une s\u00e9lection de randonn\u00e9es au d\u00e9part du camping ou aux alentours pour profiter pleinement des paysages de notre vall\u00e9e des Alpes de Haute Provence.\" \/>\n<meta property=\"og:url\" content=\"https:\/\/www.camping-mandala.fr\/activites\/randonner-en-liberte\/\" \/>\n<meta property=\"og:site_name\" content=\"Camping Mandala\" \/>\n<meta property=\"article:modified_time\" content=\"2019-07-11T09:35:10+00:00\" \/>\n<meta name=\"twitter:card\" content=\"summary_large_image\" \/>\n<script type=\"application\/ld+json\" class=\"yoast-schema-graph\">{\"@context\":\"https:\\\/\\\/schema.org\",\"@graph\":[{\"@type\":\"WebPage\",\"@id\":\"https:\\\/\\\/www.camping-mandala.fr\\\/activites\\\/randonner-en-liberte\\\/\",\"url\":\"https:\\\/\\\/www.camping-mandala.fr\\\/activites\\\/randonner-en-liberte\\\/\",\"name\":\"Hiking Trails au coeur de la Haute Bl\u00e9one | Camping Mandala\",\"isPartOf\":{\"@id\":\"https:\\\/\\\/www.camping-mandala.fr\\\/#website\"},\"datePublished\":\"2019-06-03T20:56:38+00:00\",\"dateModified\":\"2019-07-11T09:35:10+00:00\",\"description\":\"D\u00e9couvrez une s\u00e9lection de randonn\u00e9es au d\u00e9part du camping ou aux alentours pour profiter pleinement des paysages de notre vall\u00e9e des Alpes de Haute Provence.\",\"breadcrumb\":{\"@id\":\"https:\\\/\\\/www.camping-mandala.fr\\\/activites\\\/randonner-en-liberte\\\/#breadcrumb\"},\"inLanguage\":\"en-US\",\"potentialAction\":[{\"@type\":\"ReadAction\",\"target\":[\"https:\\\/\\\/www.camping-mandala.fr\\\/activites\\\/randonner-en-liberte\\\/\"]}]},{\"@type\":\"BreadcrumbList\",\"@id\":\"https:\\\/\\\/www.camping-mandala.fr\\\/activites\\\/randonner-en-liberte\\\/#breadcrumb\",\"itemListElement\":[{\"@type\":\"ListItem\",\"position\":1,\"name\":\"Accueil\",\"item\":\"https:\\\/\\\/www.camping-mandala.fr\\\/en\\\/\"},{\"@type\":\"ListItem\",\"position\":2,\"name\":\"Activities\",\"item\":\"https:\\\/\\\/www.camping-mandala.fr\\\/activites\\\/\"},{\"@type\":\"ListItem\",\"position\":3,\"name\":\"Hiking Trails\"}]},{\"@type\":\"WebSite\",\"@id\":\"https:\\\/\\\/www.camping-mandala.fr\\\/#website\",\"url\":\"https:\\\/\\\/www.camping-mandala.fr\\\/\",\"name\":\"Camping Mandala\",\"description\":\"Un site utilisant WordPress\",\"potentialAction\":[{\"@type\":\"SearchAction\",\"target\":{\"@type\":\"EntryPoint\",\"urlTemplate\":\"https:\\\/\\\/www.camping-mandala.fr\\\/?s={search_term_string}\"},\"query-input\":{\"@type\":\"PropertyValueSpecification\",\"valueRequired\":true,\"valueName\":\"search_term_string\"}}],\"inLanguage\":\"en-US\"}]}<\/script>\n<!-- \/ Yoast SEO plugin. -->","yoast_head_json":{"title":"Hiking Trails au coeur de la Haute Bl\u00e9one | Camping Mandala","description":"D\u00e9couvrez une s\u00e9lection de randonn\u00e9es au d\u00e9part du camping ou aux alentours pour profiter pleinement des paysages de notre vall\u00e9e des Alpes de Haute Provence.","robots":{"index":"index","follow":"follow","max-snippet":"max-snippet:-1","max-image-preview":"max-image-preview:large","max-video-preview":"max-video-preview:-1"},"canonical":"https:\/\/www.camping-mandala.fr\/activites\/randonner-en-liberte\/","og_locale":"en_US","og_type":"article","og_title":"Hiking Trails au coeur de la Haute Bl\u00e9one | Camping Mandala","og_description":"D\u00e9couvrez une s\u00e9lection de randonn\u00e9es au d\u00e9part du camping ou aux alentours pour profiter pleinement des paysages de notre vall\u00e9e des Alpes de Haute Provence.","og_url":"https:\/\/www.camping-mandala.fr\/activites\/randonner-en-liberte\/","og_site_name":"Camping Mandala","article_modified_time":"2019-07-11T09:35:10+00:00","twitter_card":"summary_large_image","schema":{"@context":"https:\/\/schema.org","@graph":[{"@type":"WebPage","@id":"https:\/\/www.camping-mandala.fr\/activites\/randonner-en-liberte\/","url":"https:\/\/www.camping-mandala.fr\/activites\/randonner-en-liberte\/","name":"Hiking Trails au coeur de la Haute Bl\u00e9one | Camping Mandala","isPartOf":{"@id":"https:\/\/www.camping-mandala.fr\/#website"},"datePublished":"2019-06-03T20:56:38+00:00","dateModified":"2019-07-11T09:35:10+00:00","description":"D\u00e9couvrez une s\u00e9lection de randonn\u00e9es au d\u00e9part du camping ou aux alentours pour profiter pleinement des paysages de notre vall\u00e9e des Alpes de Haute Provence.","breadcrumb":{"@id":"https:\/\/www.camping-mandala.fr\/activites\/randonner-en-liberte\/#breadcrumb"},"inLanguage":"en-US","potentialAction":[{"@type":"ReadAction","target":["https:\/\/www.camping-mandala.fr\/activites\/randonner-en-liberte\/"]}]},{"@type":"BreadcrumbList","@id":"https:\/\/www.camping-mandala.fr\/activites\/randonner-en-liberte\/#breadcrumb","itemListElement":[{"@type":"ListItem","position":1,"name":"Accueil","item":"https:\/\/www.camping-mandala.fr\/en\/"},{"@type":"ListItem","position":2,"name":"Activities","item":"https:\/\/www.camping-mandala.fr\/activites\/"},{"@type":"ListItem","position":3,"name":"Hiking Trails"}]},{"@type":"WebSite","@id":"https:\/\/www.camping-mandala.fr\/#website","url":"https:\/\/www.camping-mandala.fr\/","name":"Camping Mandala","description":"Un site utilisant WordPress","potentialAction":[{"@type":"SearchAction","target":{"@type":"EntryPoint","urlTemplate":"https:\/\/www.camping-mandala.fr\/?s={search_term_string}"},"query-input":{"@type":"PropertyValueSpecification","valueRequired":true,"valueName":"search_term_string"}}],"inLanguage":"en-US"}]}},"_links":{"self":[{"href":"https:\/\/www.camping-mandala.fr\/en\/wp-json\/wp\/v2\/pages\/1157","targetHints":{"allow":["GET"]}}],"collection":[{"href":"https:\/\/www.camping-mandala.fr\/en\/wp-json\/wp\/v2\/pages"}],"about":[{"href":"https:\/\/www.camping-mandala.fr\/en\/wp-json\/wp\/v2\/types\/page"}],"author":[{"embeddable":true,"href":"https:\/\/www.camping-mandala.fr\/en\/wp-json\/wp\/v2\/users\/2"}],"replies":[{"embeddable":true,"href":"https:\/\/www.camping-mandala.fr\/en\/wp-json\/wp\/v2\/comments?post=1157"}],"version-history":[{"count":2,"href":"https:\/\/www.camping-mandala.fr\/en\/wp-json\/wp\/v2\/pages\/1157\/revisions"}],"predecessor-version":[{"id":1159,"href":"https:\/\/www.camping-mandala.fr\/en\/wp-json\/wp\/v2\/pages\/1157\/revisions\/1159"}],"up":[{"embeddable":true,"href":"https:\/\/www.camping-mandala.fr\/en\/wp-json\/wp\/v2\/pages\/723"}],"wp:attachment":[{"href":"https:\/\/www.camping-mandala.fr\/en\/wp-json\/wp\/v2\/media?parent=1157"}],"curies":[{"name":"wp","href":"https:\/\/api.w.org\/{rel}","templated":true}]}}