{"id":1150,"date":"2019-06-03T21:47:36","date_gmt":"2019-06-03T19:47:36","guid":{"rendered":"https:\/\/www.camping-mandala.fr\/activites\/randonnees-accompagnees-en-ete\/"},"modified":"2019-07-11T11:28:34","modified_gmt":"2019-07-11T09:28:34","slug":"randonnees-accompagnees-en-ete","status":"publish","type":"page","link":"https:\/\/www.camping-mandala.fr\/en\/activities\/randonnees-accompagnees-en-ete\/","title":{"rendered":"Guided hikes in summer"},"content":{"rendered":"","protected":false},"excerpt":{"rendered":"","protected":false},"author":2,"featured_media":0,"parent":723,"menu_order":0,"comment_status":"closed","ping_status":"closed","template":"page-activite.php","meta":{"_acf_changed":false,"footnotes":""},"class_list":["post-1150","page","type-page","status-publish","hentry"],"acf":[],"yoast_head":"<!-- This site is optimized with the Yoast SEO plugin v27.4 - https:\/\/yoast.com\/product\/yoast-seo-wordpress\/ -->\n<title>Guided hikes in summer | Camping Mandala<\/title>\n<meta name=\"description\" content=\"Pour d\u00e9couvrir les splendeurs de notre territoire en toute s\u00e9curit\u00e9, nous vous proposons des randonn\u00e9es accompagn\u00e9es. En famille, groupes ou entre amis, laissez-vous guider.\" \/>\n<meta name=\"robots\" content=\"index, follow, max-snippet:-1, max-image-preview:large, max-video-preview:-1\" \/>\n<link rel=\"canonical\" href=\"https:\/\/www.camping-mandala.fr\/activites\/randonnees-accompagnees-en-ete\/\" \/>\n<meta property=\"og:locale\" content=\"en_US\" \/>\n<meta property=\"og:type\" content=\"article\" \/>\n<meta property=\"og:title\" content=\"Guided hikes in summer | Camping Mandala\" \/>\n<meta property=\"og:description\" content=\"Pour d\u00e9couvrir les splendeurs de notre territoire en toute s\u00e9curit\u00e9, nous vous proposons des randonn\u00e9es accompagn\u00e9es. En famille, groupes ou entre amis, laissez-vous guider.\" \/>\n<meta property=\"og:url\" content=\"https:\/\/www.camping-mandala.fr\/activites\/randonnees-accompagnees-en-ete\/\" \/>\n<meta property=\"og:site_name\" content=\"Camping Mandala\" \/>\n<meta property=\"article:modified_time\" content=\"2019-07-11T09:28:34+00:00\" \/>\n<meta name=\"twitter:card\" content=\"summary_large_image\" \/>\n<script type=\"application\/ld+json\" class=\"yoast-schema-graph\">{\"@context\":\"https:\\\/\\\/schema.org\",\"@graph\":[{\"@type\":\"WebPage\",\"@id\":\"https:\\\/\\\/www.camping-mandala.fr\\\/activites\\\/randonnees-accompagnees-en-ete\\\/\",\"url\":\"https:\\\/\\\/www.camping-mandala.fr\\\/activites\\\/randonnees-accompagnees-en-ete\\\/\",\"name\":\"Guided hikes in summer | Camping Mandala\",\"isPartOf\":{\"@id\":\"https:\\\/\\\/www.camping-mandala.fr\\\/#website\"},\"datePublished\":\"2019-06-03T19:47:36+00:00\",\"dateModified\":\"2019-07-11T09:28:34+00:00\",\"description\":\"Pour d\u00e9couvrir les splendeurs de notre territoire en toute s\u00e9curit\u00e9, nous vous proposons des randonn\u00e9es accompagn\u00e9es. En famille, groupes ou entre amis, laissez-vous guider.\",\"breadcrumb\":{\"@id\":\"https:\\\/\\\/www.camping-mandala.fr\\\/activites\\\/randonnees-accompagnees-en-ete\\\/#breadcrumb\"},\"inLanguage\":\"en-US\",\"potentialAction\":[{\"@type\":\"ReadAction\",\"target\":[\"https:\\\/\\\/www.camping-mandala.fr\\\/activites\\\/randonnees-accompagnees-en-ete\\\/\"]}]},{\"@type\":\"BreadcrumbList\",\"@id\":\"https:\\\/\\\/www.camping-mandala.fr\\\/activites\\\/randonnees-accompagnees-en-ete\\\/#breadcrumb\",\"itemListElement\":[{\"@type\":\"ListItem\",\"position\":1,\"name\":\"Accueil\",\"item\":\"https:\\\/\\\/www.camping-mandala.fr\\\/en\\\/\"},{\"@type\":\"ListItem\",\"position\":2,\"name\":\"Activities\",\"item\":\"https:\\\/\\\/www.camping-mandala.fr\\\/activites\\\/\"},{\"@type\":\"ListItem\",\"position\":3,\"name\":\"Guided hikes in summer\"}]},{\"@type\":\"WebSite\",\"@id\":\"https:\\\/\\\/www.camping-mandala.fr\\\/#website\",\"url\":\"https:\\\/\\\/www.camping-mandala.fr\\\/\",\"name\":\"Camping Mandala\",\"description\":\"Un site utilisant WordPress\",\"potentialAction\":[{\"@type\":\"SearchAction\",\"target\":{\"@type\":\"EntryPoint\",\"urlTemplate\":\"https:\\\/\\\/www.camping-mandala.fr\\\/?s={search_term_string}\"},\"query-input\":{\"@type\":\"PropertyValueSpecification\",\"valueRequired\":true,\"valueName\":\"search_term_string\"}}],\"inLanguage\":\"en-US\"}]}<\/script>\n<!-- \/ Yoast SEO plugin. -->","yoast_head_json":{"title":"Guided hikes in summer | Camping Mandala","description":"Pour d\u00e9couvrir les splendeurs de notre territoire en toute s\u00e9curit\u00e9, nous vous proposons des randonn\u00e9es accompagn\u00e9es. En famille, groupes ou entre amis, laissez-vous guider.","robots":{"index":"index","follow":"follow","max-snippet":"max-snippet:-1","max-image-preview":"max-image-preview:large","max-video-preview":"max-video-preview:-1"},"canonical":"https:\/\/www.camping-mandala.fr\/activites\/randonnees-accompagnees-en-ete\/","og_locale":"en_US","og_type":"article","og_title":"Guided hikes in summer | Camping Mandala","og_description":"Pour d\u00e9couvrir les splendeurs de notre territoire en toute s\u00e9curit\u00e9, nous vous proposons des randonn\u00e9es accompagn\u00e9es. En famille, groupes ou entre amis, laissez-vous guider.","og_url":"https:\/\/www.camping-mandala.fr\/activites\/randonnees-accompagnees-en-ete\/","og_site_name":"Camping Mandala","article_modified_time":"2019-07-11T09:28:34+00:00","twitter_card":"summary_large_image","schema":{"@context":"https:\/\/schema.org","@graph":[{"@type":"WebPage","@id":"https:\/\/www.camping-mandala.fr\/activites\/randonnees-accompagnees-en-ete\/","url":"https:\/\/www.camping-mandala.fr\/activites\/randonnees-accompagnees-en-ete\/","name":"Guided hikes in summer | Camping Mandala","isPartOf":{"@id":"https:\/\/www.camping-mandala.fr\/#website"},"datePublished":"2019-06-03T19:47:36+00:00","dateModified":"2019-07-11T09:28:34+00:00","description":"Pour d\u00e9couvrir les splendeurs de notre territoire en toute s\u00e9curit\u00e9, nous vous proposons des randonn\u00e9es accompagn\u00e9es. En famille, groupes ou entre amis, laissez-vous guider.","breadcrumb":{"@id":"https:\/\/www.camping-mandala.fr\/activites\/randonnees-accompagnees-en-ete\/#breadcrumb"},"inLanguage":"en-US","potentialAction":[{"@type":"ReadAction","target":["https:\/\/www.camping-mandala.fr\/activites\/randonnees-accompagnees-en-ete\/"]}]},{"@type":"BreadcrumbList","@id":"https:\/\/www.camping-mandala.fr\/activites\/randonnees-accompagnees-en-ete\/#breadcrumb","itemListElement":[{"@type":"ListItem","position":1,"name":"Accueil","item":"https:\/\/www.camping-mandala.fr\/en\/"},{"@type":"ListItem","position":2,"name":"Activities","item":"https:\/\/www.camping-mandala.fr\/activites\/"},{"@type":"ListItem","position":3,"name":"Guided hikes in summer"}]},{"@type":"WebSite","@id":"https:\/\/www.camping-mandala.fr\/#website","url":"https:\/\/www.camping-mandala.fr\/","name":"Camping Mandala","description":"Un site utilisant WordPress","potentialAction":[{"@type":"SearchAction","target":{"@type":"EntryPoint","urlTemplate":"https:\/\/www.camping-mandala.fr\/?s={search_term_string}"},"query-input":{"@type":"PropertyValueSpecification","valueRequired":true,"valueName":"search_term_string"}}],"inLanguage":"en-US"}]}},"_links":{"self":[{"href":"https:\/\/www.camping-mandala.fr\/en\/wp-json\/wp\/v2\/pages\/1150","targetHints":{"allow":["GET"]}}],"collection":[{"href":"https:\/\/www.camping-mandala.fr\/en\/wp-json\/wp\/v2\/pages"}],"about":[{"href":"https:\/\/www.camping-mandala.fr\/en\/wp-json\/wp\/v2\/types\/page"}],"author":[{"embeddable":true,"href":"https:\/\/www.camping-mandala.fr\/en\/wp-json\/wp\/v2\/users\/2"}],"replies":[{"embeddable":true,"href":"https:\/\/www.camping-mandala.fr\/en\/wp-json\/wp\/v2\/comments?post=1150"}],"version-history":[{"count":2,"href":"https:\/\/www.camping-mandala.fr\/en\/wp-json\/wp\/v2\/pages\/1150\/revisions"}],"predecessor-version":[{"id":1156,"href":"https:\/\/www.camping-mandala.fr\/en\/wp-json\/wp\/v2\/pages\/1150\/revisions\/1156"}],"up":[{"embeddable":true,"href":"https:\/\/www.camping-mandala.fr\/en\/wp-json\/wp\/v2\/pages\/723"}],"wp:attachment":[{"href":"https:\/\/www.camping-mandala.fr\/en\/wp-json\/wp\/v2\/media?parent=1150"}],"curies":[{"name":"wp","href":"https:\/\/api.w.org\/{rel}","templated":true}]}}