{"id":1145,"date":"2019-06-09T14:46:54","date_gmt":"2019-06-09T12:46:54","guid":{"rendered":"https:\/\/www.camping-mandala.fr\/activites\/culture-art-contemporain\/"},"modified":"2019-07-11T11:09:11","modified_gmt":"2019-07-11T09:09:11","slug":"culture-art-contemporain","status":"publish","type":"page","link":"https:\/\/www.camping-mandala.fr\/en\/activities\/culture-art-contemporain\/","title":{"rendered":"Culture &#038; Modern Art"},"content":{"rendered":"","protected":false},"excerpt":{"rendered":"","protected":false},"author":2,"featured_media":0,"parent":723,"menu_order":0,"comment_status":"closed","ping_status":"closed","template":"page-activite.php","meta":{"_acf_changed":false,"footnotes":""},"class_list":["post-1145","page","type-page","status-publish","hentry"],"acf":[],"yoast_head":"<!-- This site is optimized with the Yoast SEO plugin v27.4 - https:\/\/yoast.com\/product\/yoast-seo-wordpress\/ -->\n<title>Culture et Art Contemporain des Alpes de Haute Provence | Camping Mandala<\/title>\n<meta name=\"description\" content=\"Nous avons s\u00e9lectionn\u00e9 pour vous une liste de mus\u00e9es et de points d&#039;int\u00e9r\u00eat pour d\u00e9couvrir la richesse culturelle et artistique de la r\u00e9gion. N&#039;h\u00e9sitez pas \u00e0 nous demander conseil.\" \/>\n<meta name=\"robots\" content=\"index, follow, max-snippet:-1, max-image-preview:large, max-video-preview:-1\" \/>\n<link rel=\"canonical\" href=\"https:\/\/www.camping-mandala.fr\/activites\/culture-art-contemporain\/\" \/>\n<meta property=\"og:locale\" content=\"en_US\" \/>\n<meta property=\"og:type\" content=\"article\" \/>\n<meta property=\"og:title\" content=\"Culture et Art Contemporain des Alpes de Haute Provence | Camping Mandala\" \/>\n<meta property=\"og:description\" content=\"Nous avons s\u00e9lectionn\u00e9 pour vous une liste de mus\u00e9es et de points d&#039;int\u00e9r\u00eat pour d\u00e9couvrir la richesse culturelle et artistique de la r\u00e9gion. N&#039;h\u00e9sitez pas \u00e0 nous demander conseil.\" \/>\n<meta property=\"og:url\" content=\"https:\/\/www.camping-mandala.fr\/activites\/culture-art-contemporain\/\" \/>\n<meta property=\"og:site_name\" content=\"Camping Mandala\" \/>\n<meta property=\"article:modified_time\" content=\"2019-07-11T09:09:11+00:00\" \/>\n<meta name=\"twitter:card\" content=\"summary_large_image\" \/>\n<script type=\"application\/ld+json\" class=\"yoast-schema-graph\">{\"@context\":\"https:\\\/\\\/schema.org\",\"@graph\":[{\"@type\":\"WebPage\",\"@id\":\"https:\\\/\\\/www.camping-mandala.fr\\\/activites\\\/culture-art-contemporain\\\/\",\"url\":\"https:\\\/\\\/www.camping-mandala.fr\\\/activites\\\/culture-art-contemporain\\\/\",\"name\":\"Culture et Art Contemporain des Alpes de Haute Provence | Camping Mandala\",\"isPartOf\":{\"@id\":\"https:\\\/\\\/www.camping-mandala.fr\\\/#website\"},\"datePublished\":\"2019-06-09T12:46:54+00:00\",\"dateModified\":\"2019-07-11T09:09:11+00:00\",\"description\":\"Nous avons s\u00e9lectionn\u00e9 pour vous une liste de mus\u00e9es et de points d'int\u00e9r\u00eat pour d\u00e9couvrir la richesse culturelle et artistique de la r\u00e9gion. N'h\u00e9sitez pas \u00e0 nous demander conseil.\",\"breadcrumb\":{\"@id\":\"https:\\\/\\\/www.camping-mandala.fr\\\/activites\\\/culture-art-contemporain\\\/#breadcrumb\"},\"inLanguage\":\"en-US\",\"potentialAction\":[{\"@type\":\"ReadAction\",\"target\":[\"https:\\\/\\\/www.camping-mandala.fr\\\/activites\\\/culture-art-contemporain\\\/\"]}]},{\"@type\":\"BreadcrumbList\",\"@id\":\"https:\\\/\\\/www.camping-mandala.fr\\\/activites\\\/culture-art-contemporain\\\/#breadcrumb\",\"itemListElement\":[{\"@type\":\"ListItem\",\"position\":1,\"name\":\"Accueil\",\"item\":\"https:\\\/\\\/www.camping-mandala.fr\\\/en\\\/\"},{\"@type\":\"ListItem\",\"position\":2,\"name\":\"Activities\",\"item\":\"https:\\\/\\\/www.camping-mandala.fr\\\/activites\\\/\"},{\"@type\":\"ListItem\",\"position\":3,\"name\":\"Culture &#038; Modern Art\"}]},{\"@type\":\"WebSite\",\"@id\":\"https:\\\/\\\/www.camping-mandala.fr\\\/#website\",\"url\":\"https:\\\/\\\/www.camping-mandala.fr\\\/\",\"name\":\"Camping Mandala\",\"description\":\"Un site utilisant WordPress\",\"potentialAction\":[{\"@type\":\"SearchAction\",\"target\":{\"@type\":\"EntryPoint\",\"urlTemplate\":\"https:\\\/\\\/www.camping-mandala.fr\\\/?s={search_term_string}\"},\"query-input\":{\"@type\":\"PropertyValueSpecification\",\"valueRequired\":true,\"valueName\":\"search_term_string\"}}],\"inLanguage\":\"en-US\"}]}<\/script>\n<!-- \/ Yoast SEO plugin. -->","yoast_head_json":{"title":"Culture et Art Contemporain des Alpes de Haute Provence | Camping Mandala","description":"Nous avons s\u00e9lectionn\u00e9 pour vous une liste de mus\u00e9es et de points d'int\u00e9r\u00eat pour d\u00e9couvrir la richesse culturelle et artistique de la r\u00e9gion. N'h\u00e9sitez pas \u00e0 nous demander conseil.","robots":{"index":"index","follow":"follow","max-snippet":"max-snippet:-1","max-image-preview":"max-image-preview:large","max-video-preview":"max-video-preview:-1"},"canonical":"https:\/\/www.camping-mandala.fr\/activites\/culture-art-contemporain\/","og_locale":"en_US","og_type":"article","og_title":"Culture et Art Contemporain des Alpes de Haute Provence | Camping Mandala","og_description":"Nous avons s\u00e9lectionn\u00e9 pour vous une liste de mus\u00e9es et de points d'int\u00e9r\u00eat pour d\u00e9couvrir la richesse culturelle et artistique de la r\u00e9gion. N'h\u00e9sitez pas \u00e0 nous demander conseil.","og_url":"https:\/\/www.camping-mandala.fr\/activites\/culture-art-contemporain\/","og_site_name":"Camping Mandala","article_modified_time":"2019-07-11T09:09:11+00:00","twitter_card":"summary_large_image","schema":{"@context":"https:\/\/schema.org","@graph":[{"@type":"WebPage","@id":"https:\/\/www.camping-mandala.fr\/activites\/culture-art-contemporain\/","url":"https:\/\/www.camping-mandala.fr\/activites\/culture-art-contemporain\/","name":"Culture et Art Contemporain des Alpes de Haute Provence | Camping Mandala","isPartOf":{"@id":"https:\/\/www.camping-mandala.fr\/#website"},"datePublished":"2019-06-09T12:46:54+00:00","dateModified":"2019-07-11T09:09:11+00:00","description":"Nous avons s\u00e9lectionn\u00e9 pour vous une liste de mus\u00e9es et de points d'int\u00e9r\u00eat pour d\u00e9couvrir la richesse culturelle et artistique de la r\u00e9gion. N'h\u00e9sitez pas \u00e0 nous demander conseil.","breadcrumb":{"@id":"https:\/\/www.camping-mandala.fr\/activites\/culture-art-contemporain\/#breadcrumb"},"inLanguage":"en-US","potentialAction":[{"@type":"ReadAction","target":["https:\/\/www.camping-mandala.fr\/activites\/culture-art-contemporain\/"]}]},{"@type":"BreadcrumbList","@id":"https:\/\/www.camping-mandala.fr\/activites\/culture-art-contemporain\/#breadcrumb","itemListElement":[{"@type":"ListItem","position":1,"name":"Accueil","item":"https:\/\/www.camping-mandala.fr\/en\/"},{"@type":"ListItem","position":2,"name":"Activities","item":"https:\/\/www.camping-mandala.fr\/activites\/"},{"@type":"ListItem","position":3,"name":"Culture &#038; Modern Art"}]},{"@type":"WebSite","@id":"https:\/\/www.camping-mandala.fr\/#website","url":"https:\/\/www.camping-mandala.fr\/","name":"Camping Mandala","description":"Un site utilisant WordPress","potentialAction":[{"@type":"SearchAction","target":{"@type":"EntryPoint","urlTemplate":"https:\/\/www.camping-mandala.fr\/?s={search_term_string}"},"query-input":{"@type":"PropertyValueSpecification","valueRequired":true,"valueName":"search_term_string"}}],"inLanguage":"en-US"}]}},"_links":{"self":[{"href":"https:\/\/www.camping-mandala.fr\/en\/wp-json\/wp\/v2\/pages\/1145","targetHints":{"allow":["GET"]}}],"collection":[{"href":"https:\/\/www.camping-mandala.fr\/en\/wp-json\/wp\/v2\/pages"}],"about":[{"href":"https:\/\/www.camping-mandala.fr\/en\/wp-json\/wp\/v2\/types\/page"}],"author":[{"embeddable":true,"href":"https:\/\/www.camping-mandala.fr\/en\/wp-json\/wp\/v2\/users\/2"}],"replies":[{"embeddable":true,"href":"https:\/\/www.camping-mandala.fr\/en\/wp-json\/wp\/v2\/comments?post=1145"}],"version-history":[{"count":2,"href":"https:\/\/www.camping-mandala.fr\/en\/wp-json\/wp\/v2\/pages\/1145\/revisions"}],"predecessor-version":[{"id":1147,"href":"https:\/\/www.camping-mandala.fr\/en\/wp-json\/wp\/v2\/pages\/1145\/revisions\/1147"}],"up":[{"embeddable":true,"href":"https:\/\/www.camping-mandala.fr\/en\/wp-json\/wp\/v2\/pages\/723"}],"wp:attachment":[{"href":"https:\/\/www.camping-mandala.fr\/en\/wp-json\/wp\/v2\/media?parent=1145"}],"curies":[{"name":"wp","href":"https:\/\/api.w.org\/{rel}","templated":true}]}}