{"id":1797,"date":"2019-03-18T10:34:08","date_gmt":"2019-03-18T09:34:08","guid":{"rendered":"https:\/\/www.camping-mandala.fr\/emplacements\/"},"modified":"2026-01-31T17:24:27","modified_gmt":"2026-01-31T16:24:27","slug":"stellplaetze","status":"publish","type":"page","link":"https:\/\/www.camping-mandala.fr\/de\/stellplaetze\/","title":{"rendered":"Stellpl\u00e4tze"},"content":{"rendered":"","protected":false},"excerpt":{"rendered":"","protected":false},"author":1,"featured_media":0,"parent":0,"menu_order":0,"comment_status":"closed","ping_status":"closed","template":"page-produit.php","meta":{"_acf_changed":false,"footnotes":""},"class_list":["post-1797","page","type-page","status-publish","hentry"],"acf":[],"yoast_head":"<!-- This site is optimized with the Yoast SEO plugin v27.4 - https:\/\/yoast.com\/product\/yoast-seo-wordpress\/ -->\n<title>Emplacements pour tentes, caravanes et camping car| Camping Mandala<\/title>\n<meta name=\"description\" content=\"En camping car\/caravane ou en tente de randonneur ou familiale, vous serez confortablement install\u00e9s \u00e0 proximit\u00e9 des sanitaires et de la rivi\u00e8re.\" \/>\n<meta name=\"robots\" content=\"index, follow, max-snippet:-1, max-image-preview:large, max-video-preview:-1\" \/>\n<link rel=\"canonical\" href=\"https:\/\/www.camping-mandala.fr\/de\/stellplaetze\/\" \/>\n<meta property=\"og:locale\" content=\"de_DE\" \/>\n<meta property=\"og:type\" content=\"article\" \/>\n<meta property=\"og:title\" content=\"Emplacements pour tentes, caravanes et camping car| Camping Mandala\" \/>\n<meta property=\"og:description\" content=\"En camping car\/caravane ou en tente de randonneur ou familiale, vous serez confortablement install\u00e9s \u00e0 proximit\u00e9 des sanitaires et de la rivi\u00e8re.\" \/>\n<meta property=\"og:url\" content=\"https:\/\/www.camping-mandala.fr\/de\/stellplaetze\/\" \/>\n<meta property=\"og:site_name\" content=\"Camping Mandala\" \/>\n<meta property=\"article:modified_time\" content=\"2026-01-31T16:24:27+00:00\" \/>\n<meta name=\"twitter:card\" content=\"summary_large_image\" \/>\n<script type=\"application\/ld+json\" class=\"yoast-schema-graph\">{\"@context\":\"https:\\\/\\\/schema.org\",\"@graph\":[{\"@type\":\"WebPage\",\"@id\":\"https:\\\/\\\/www.camping-mandala.fr\\\/de\\\/stellplaetze\\\/\",\"url\":\"https:\\\/\\\/www.camping-mandala.fr\\\/de\\\/stellplaetze\\\/\",\"name\":\"Emplacements pour tentes, caravanes et camping car| Camping Mandala\",\"isPartOf\":{\"@id\":\"https:\\\/\\\/www.camping-mandala.fr\\\/#website\"},\"datePublished\":\"2019-03-18T09:34:08+00:00\",\"dateModified\":\"2026-01-31T16:24:27+00:00\",\"description\":\"En camping car\\\/caravane ou en tente de randonneur ou familiale, vous serez confortablement install\u00e9s \u00e0 proximit\u00e9 des sanitaires et de la rivi\u00e8re.\",\"breadcrumb\":{\"@id\":\"https:\\\/\\\/www.camping-mandala.fr\\\/de\\\/stellplaetze\\\/#breadcrumb\"},\"inLanguage\":\"de\",\"potentialAction\":[{\"@type\":\"ReadAction\",\"target\":[\"https:\\\/\\\/www.camping-mandala.fr\\\/de\\\/stellplaetze\\\/\"]}]},{\"@type\":\"BreadcrumbList\",\"@id\":\"https:\\\/\\\/www.camping-mandala.fr\\\/de\\\/stellplaetze\\\/#breadcrumb\",\"itemListElement\":[{\"@type\":\"ListItem\",\"position\":1,\"name\":\"Accueil\",\"item\":\"https:\\\/\\\/www.camping-mandala.fr\\\/de\\\/\"},{\"@type\":\"ListItem\",\"position\":2,\"name\":\"Stellpl\u00e4tze\"}]},{\"@type\":\"WebSite\",\"@id\":\"https:\\\/\\\/www.camping-mandala.fr\\\/#website\",\"url\":\"https:\\\/\\\/www.camping-mandala.fr\\\/\",\"name\":\"Camping Mandala\",\"description\":\"Un site utilisant WordPress\",\"potentialAction\":[{\"@type\":\"SearchAction\",\"target\":{\"@type\":\"EntryPoint\",\"urlTemplate\":\"https:\\\/\\\/www.camping-mandala.fr\\\/?s={search_term_string}\"},\"query-input\":{\"@type\":\"PropertyValueSpecification\",\"valueRequired\":true,\"valueName\":\"search_term_string\"}}],\"inLanguage\":\"de\"}]}<\/script>\n<!-- \/ Yoast SEO plugin. -->","yoast_head_json":{"title":"Emplacements pour tentes, caravanes et camping car| Camping Mandala","description":"En camping car\/caravane ou en tente de randonneur ou familiale, vous serez confortablement install\u00e9s \u00e0 proximit\u00e9 des sanitaires et de la rivi\u00e8re.","robots":{"index":"index","follow":"follow","max-snippet":"max-snippet:-1","max-image-preview":"max-image-preview:large","max-video-preview":"max-video-preview:-1"},"canonical":"https:\/\/www.camping-mandala.fr\/de\/stellplaetze\/","og_locale":"de_DE","og_type":"article","og_title":"Emplacements pour tentes, caravanes et camping car| Camping Mandala","og_description":"En camping car\/caravane ou en tente de randonneur ou familiale, vous serez confortablement install\u00e9s \u00e0 proximit\u00e9 des sanitaires et de la rivi\u00e8re.","og_url":"https:\/\/www.camping-mandala.fr\/de\/stellplaetze\/","og_site_name":"Camping Mandala","article_modified_time":"2026-01-31T16:24:27+00:00","twitter_card":"summary_large_image","schema":{"@context":"https:\/\/schema.org","@graph":[{"@type":"WebPage","@id":"https:\/\/www.camping-mandala.fr\/de\/stellplaetze\/","url":"https:\/\/www.camping-mandala.fr\/de\/stellplaetze\/","name":"Emplacements pour tentes, caravanes et camping car| Camping Mandala","isPartOf":{"@id":"https:\/\/www.camping-mandala.fr\/#website"},"datePublished":"2019-03-18T09:34:08+00:00","dateModified":"2026-01-31T16:24:27+00:00","description":"En camping car\/caravane ou en tente de randonneur ou familiale, vous serez confortablement install\u00e9s \u00e0 proximit\u00e9 des sanitaires et de la rivi\u00e8re.","breadcrumb":{"@id":"https:\/\/www.camping-mandala.fr\/de\/stellplaetze\/#breadcrumb"},"inLanguage":"de","potentialAction":[{"@type":"ReadAction","target":["https:\/\/www.camping-mandala.fr\/de\/stellplaetze\/"]}]},{"@type":"BreadcrumbList","@id":"https:\/\/www.camping-mandala.fr\/de\/stellplaetze\/#breadcrumb","itemListElement":[{"@type":"ListItem","position":1,"name":"Accueil","item":"https:\/\/www.camping-mandala.fr\/de\/"},{"@type":"ListItem","position":2,"name":"Stellpl\u00e4tze"}]},{"@type":"WebSite","@id":"https:\/\/www.camping-mandala.fr\/#website","url":"https:\/\/www.camping-mandala.fr\/","name":"Camping Mandala","description":"Un site utilisant WordPress","potentialAction":[{"@type":"SearchAction","target":{"@type":"EntryPoint","urlTemplate":"https:\/\/www.camping-mandala.fr\/?s={search_term_string}"},"query-input":{"@type":"PropertyValueSpecification","valueRequired":true,"valueName":"search_term_string"}}],"inLanguage":"de"}]}},"_links":{"self":[{"href":"https:\/\/www.camping-mandala.fr\/de\/wp-json\/wp\/v2\/pages\/1797","targetHints":{"allow":["GET"]}}],"collection":[{"href":"https:\/\/www.camping-mandala.fr\/de\/wp-json\/wp\/v2\/pages"}],"about":[{"href":"https:\/\/www.camping-mandala.fr\/de\/wp-json\/wp\/v2\/types\/page"}],"author":[{"embeddable":true,"href":"https:\/\/www.camping-mandala.fr\/de\/wp-json\/wp\/v2\/users\/1"}],"replies":[{"embeddable":true,"href":"https:\/\/www.camping-mandala.fr\/de\/wp-json\/wp\/v2\/comments?post=1797"}],"version-history":[{"count":24,"href":"https:\/\/www.camping-mandala.fr\/de\/wp-json\/wp\/v2\/pages\/1797\/revisions"}],"predecessor-version":[{"id":2154,"href":"https:\/\/www.camping-mandala.fr\/de\/wp-json\/wp\/v2\/pages\/1797\/revisions\/2154"}],"wp:attachment":[{"href":"https:\/\/www.camping-mandala.fr\/de\/wp-json\/wp\/v2\/media?parent=1797"}],"curies":[{"name":"wp","href":"https:\/\/api.w.org\/{rel}","templated":true}]}}