{"id":1753,"date":"2019-03-18T10:33:44","date_gmt":"2019-03-18T09:33:44","guid":{"rendered":"https:\/\/www.camping-mandala.fr\/?page_id=1753"},"modified":"2026-01-20T12:00:30","modified_gmt":"2026-01-20T11:00:30","slug":"oeko-chalets","status":"publish","type":"page","link":"https:\/\/www.camping-mandala.fr\/de\/oeko-chalets\/","title":{"rendered":"\u00d6ko-Chalets"},"content":{"rendered":"","protected":false},"excerpt":{"rendered":"","protected":false},"author":1,"featured_media":0,"parent":0,"menu_order":0,"comment_status":"closed","ping_status":"closed","template":"page-produit.php","meta":{"_acf_changed":false,"footnotes":""},"class_list":["post-1753","page","type-page","status-publish","hentry"],"acf":[],"yoast_head":"<!-- This site is optimized with the Yoast SEO plugin v27.4 - https:\/\/yoast.com\/product\/yoast-seo-wordpress\/ -->\n<title>Chalets \u00e9cologiques, confort, calme et respect de la nature | Camping Mandala<\/title>\n<meta name=\"description\" content=\"Construits en bois originaire de for\u00eats g\u00e9r\u00e9es durablement, trait\u00e9s et isol\u00e9s avec des produits naturels, vous appr\u00e9cierez l\u2019ambiance int\u00e9rieure.\" \/>\n<meta name=\"robots\" content=\"index, follow, max-snippet:-1, max-image-preview:large, max-video-preview:-1\" \/>\n<link rel=\"canonical\" href=\"https:\/\/www.camping-mandala.fr\/de\/oeko-chalets\/\" \/>\n<meta property=\"og:locale\" content=\"de_DE\" \/>\n<meta property=\"og:type\" content=\"article\" \/>\n<meta property=\"og:title\" content=\"Chalets \u00e9cologiques, confort, calme et respect de la nature | Camping Mandala\" \/>\n<meta property=\"og:description\" content=\"Construits en bois originaire de for\u00eats g\u00e9r\u00e9es durablement, trait\u00e9s et isol\u00e9s avec des produits naturels, vous appr\u00e9cierez l\u2019ambiance int\u00e9rieure.\" \/>\n<meta property=\"og:url\" content=\"https:\/\/www.camping-mandala.fr\/de\/oeko-chalets\/\" \/>\n<meta property=\"og:site_name\" content=\"Camping Mandala\" \/>\n<meta property=\"article:modified_time\" content=\"2026-01-20T11:00:30+00:00\" \/>\n<meta name=\"twitter:card\" content=\"summary_large_image\" \/>\n<script type=\"application\/ld+json\" class=\"yoast-schema-graph\">{\"@context\":\"https:\\\/\\\/schema.org\",\"@graph\":[{\"@type\":\"WebPage\",\"@id\":\"https:\\\/\\\/www.camping-mandala.fr\\\/de\\\/oeko-chalets\\\/\",\"url\":\"https:\\\/\\\/www.camping-mandala.fr\\\/de\\\/oeko-chalets\\\/\",\"name\":\"Chalets \u00e9cologiques, confort, calme et respect de la nature | Camping Mandala\",\"isPartOf\":{\"@id\":\"https:\\\/\\\/www.camping-mandala.fr\\\/#website\"},\"datePublished\":\"2019-03-18T09:33:44+00:00\",\"dateModified\":\"2026-01-20T11:00:30+00:00\",\"description\":\"Construits en bois originaire de for\u00eats g\u00e9r\u00e9es durablement, trait\u00e9s et isol\u00e9s avec des produits naturels, vous appr\u00e9cierez l\u2019ambiance int\u00e9rieure.\",\"breadcrumb\":{\"@id\":\"https:\\\/\\\/www.camping-mandala.fr\\\/de\\\/oeko-chalets\\\/#breadcrumb\"},\"inLanguage\":\"de\",\"potentialAction\":[{\"@type\":\"ReadAction\",\"target\":[\"https:\\\/\\\/www.camping-mandala.fr\\\/de\\\/oeko-chalets\\\/\"]}]},{\"@type\":\"BreadcrumbList\",\"@id\":\"https:\\\/\\\/www.camping-mandala.fr\\\/de\\\/oeko-chalets\\\/#breadcrumb\",\"itemListElement\":[{\"@type\":\"ListItem\",\"position\":1,\"name\":\"Accueil\",\"item\":\"https:\\\/\\\/www.camping-mandala.fr\\\/de\\\/\"},{\"@type\":\"ListItem\",\"position\":2,\"name\":\"\u00d6ko-Chalets\"}]},{\"@type\":\"WebSite\",\"@id\":\"https:\\\/\\\/www.camping-mandala.fr\\\/#website\",\"url\":\"https:\\\/\\\/www.camping-mandala.fr\\\/\",\"name\":\"Camping Mandala\",\"description\":\"Un site utilisant WordPress\",\"potentialAction\":[{\"@type\":\"SearchAction\",\"target\":{\"@type\":\"EntryPoint\",\"urlTemplate\":\"https:\\\/\\\/www.camping-mandala.fr\\\/?s={search_term_string}\"},\"query-input\":{\"@type\":\"PropertyValueSpecification\",\"valueRequired\":true,\"valueName\":\"search_term_string\"}}],\"inLanguage\":\"de\"}]}<\/script>\n<!-- \/ Yoast SEO plugin. -->","yoast_head_json":{"title":"Chalets \u00e9cologiques, confort, calme et respect de la nature | Camping Mandala","description":"Construits en bois originaire de for\u00eats g\u00e9r\u00e9es durablement, trait\u00e9s et isol\u00e9s avec des produits naturels, vous appr\u00e9cierez l\u2019ambiance int\u00e9rieure.","robots":{"index":"index","follow":"follow","max-snippet":"max-snippet:-1","max-image-preview":"max-image-preview:large","max-video-preview":"max-video-preview:-1"},"canonical":"https:\/\/www.camping-mandala.fr\/de\/oeko-chalets\/","og_locale":"de_DE","og_type":"article","og_title":"Chalets \u00e9cologiques, confort, calme et respect de la nature | Camping Mandala","og_description":"Construits en bois originaire de for\u00eats g\u00e9r\u00e9es durablement, trait\u00e9s et isol\u00e9s avec des produits naturels, vous appr\u00e9cierez l\u2019ambiance int\u00e9rieure.","og_url":"https:\/\/www.camping-mandala.fr\/de\/oeko-chalets\/","og_site_name":"Camping Mandala","article_modified_time":"2026-01-20T11:00:30+00:00","twitter_card":"summary_large_image","schema":{"@context":"https:\/\/schema.org","@graph":[{"@type":"WebPage","@id":"https:\/\/www.camping-mandala.fr\/de\/oeko-chalets\/","url":"https:\/\/www.camping-mandala.fr\/de\/oeko-chalets\/","name":"Chalets \u00e9cologiques, confort, calme et respect de la nature | Camping Mandala","isPartOf":{"@id":"https:\/\/www.camping-mandala.fr\/#website"},"datePublished":"2019-03-18T09:33:44+00:00","dateModified":"2026-01-20T11:00:30+00:00","description":"Construits en bois originaire de for\u00eats g\u00e9r\u00e9es durablement, trait\u00e9s et isol\u00e9s avec des produits naturels, vous appr\u00e9cierez l\u2019ambiance int\u00e9rieure.","breadcrumb":{"@id":"https:\/\/www.camping-mandala.fr\/de\/oeko-chalets\/#breadcrumb"},"inLanguage":"de","potentialAction":[{"@type":"ReadAction","target":["https:\/\/www.camping-mandala.fr\/de\/oeko-chalets\/"]}]},{"@type":"BreadcrumbList","@id":"https:\/\/www.camping-mandala.fr\/de\/oeko-chalets\/#breadcrumb","itemListElement":[{"@type":"ListItem","position":1,"name":"Accueil","item":"https:\/\/www.camping-mandala.fr\/de\/"},{"@type":"ListItem","position":2,"name":"\u00d6ko-Chalets"}]},{"@type":"WebSite","@id":"https:\/\/www.camping-mandala.fr\/#website","url":"https:\/\/www.camping-mandala.fr\/","name":"Camping Mandala","description":"Un site utilisant WordPress","potentialAction":[{"@type":"SearchAction","target":{"@type":"EntryPoint","urlTemplate":"https:\/\/www.camping-mandala.fr\/?s={search_term_string}"},"query-input":{"@type":"PropertyValueSpecification","valueRequired":true,"valueName":"search_term_string"}}],"inLanguage":"de"}]}},"_links":{"self":[{"href":"https:\/\/www.camping-mandala.fr\/de\/wp-json\/wp\/v2\/pages\/1753","targetHints":{"allow":["GET"]}}],"collection":[{"href":"https:\/\/www.camping-mandala.fr\/de\/wp-json\/wp\/v2\/pages"}],"about":[{"href":"https:\/\/www.camping-mandala.fr\/de\/wp-json\/wp\/v2\/types\/page"}],"author":[{"embeddable":true,"href":"https:\/\/www.camping-mandala.fr\/de\/wp-json\/wp\/v2\/users\/1"}],"replies":[{"embeddable":true,"href":"https:\/\/www.camping-mandala.fr\/de\/wp-json\/wp\/v2\/comments?post=1753"}],"version-history":[{"count":21,"href":"https:\/\/www.camping-mandala.fr\/de\/wp-json\/wp\/v2\/pages\/1753\/revisions"}],"predecessor-version":[{"id":2069,"href":"https:\/\/www.camping-mandala.fr\/de\/wp-json\/wp\/v2\/pages\/1753\/revisions\/2069"}],"wp:attachment":[{"href":"https:\/\/www.camping-mandala.fr\/de\/wp-json\/wp\/v2\/media?parent=1753"}],"curies":[{"name":"wp","href":"https:\/\/api.w.org\/{rel}","templated":true}]}}